{"id":19792,"date":"2025-09-10T10:17:26","date_gmt":"2025-09-10T10:17:26","guid":{"rendered":"https:\/\/cedproduct1stg.wpenginepowered.com\/?page_id=19792"},"modified":"2025-09-11T16:22:26","modified_gmt":"2025-09-11T16:22:26","slug":"inscription","status":"publish","type":"page","link":"https:\/\/ceditech.ci\/en\/inscription\/","title":{"rendered":"Inscription"},"content":{"rendered":"<div data-elementor-type=\"wp-page\" data-elementor-id=\"19792\" class=\"elementor elementor-19792\" data-elementor-post-type=\"page\">\n\t\t\t\t<div class=\"elementor-element elementor-element-e263fe2 e-flex e-con-boxed e-con e-parent\" data-id=\"e263fe2\" data-element_type=\"container\" data-e-type=\"container\" data-settings=\"{&quot;background_background&quot;:&quot;classic&quot;}\">\n\t\t\t\t\t<div class=\"e-con-inner\">\n\t\t<div class=\"elementor-element elementor-element-a98242a e-flex e-con-boxed e-con e-child\" data-id=\"a98242a\" data-element_type=\"container\" data-e-type=\"container\">\n\t\t\t\t\t<div class=\"e-con-inner\">\n\t\t<div class=\"elementor-element elementor-element-d1f635b e-con-full e-flex e-con e-child\" data-id=\"d1f635b\" data-element_type=\"container\" data-e-type=\"container\" data-settings=\"{&quot;background_background&quot;:&quot;classic&quot;}\">\n\t\t\t\t<div class=\"elementor-element elementor-element-f5055b1 elementor-widget elementor-widget-heading\" data-id=\"f5055b1\" data-element_type=\"widget\" data-e-type=\"widget\" data-widget_type=\"heading.default\">\n\t\t\t\t<div class=\"elementor-widget-container\">\n\t\t\t\t\t<h2 class=\"elementor-heading-title elementor-size-default\">Cr\u00e9ation de compte<\/h2>\t\t\t\t<\/div>\n\t\t\t\t<\/div>\n\t\t\t\t<div class=\"elementor-element elementor-element-d8f7e5f elementor-button-align-center elementor-widget elementor-widget-form\" data-id=\"d8f7e5f\" data-element_type=\"widget\" data-e-type=\"widget\" data-settings=\"{&quot;step_next_label&quot;:&quot;Next&quot;,&quot;step_previous_label&quot;:&quot;Previous&quot;,&quot;button_width&quot;:&quot;100&quot;,&quot;step_type&quot;:&quot;number_text&quot;,&quot;step_icon_shape&quot;:&quot;circle&quot;}\" data-widget_type=\"form.default\">\n\t\t\t\t<div class=\"elementor-widget-container\">\n\t\t\t\t\t\t\t<form class=\"elementor-form\" method=\"post\" name=\"New Form\">\n\t\t\t<input type=\"hidden\" name=\"post_id\" value=\"19792\"\/>\n\t\t\t<input type=\"hidden\" name=\"form_id\" value=\"d8f7e5f\"\/>\n\t\t\t<input type=\"hidden\" name=\"referer_title\" value=\"Ceditech\" \/>\n\n\t\t\t\n\t\t\t<div class=\"elementor-form-fields-wrapper elementor-labels-above\">\n\t\t\t\t\t\t\t\t<div class=\"elementor-field-type-text elementor-field-group elementor-column elementor-field-group-field_ce8c72d elementor-col-50 elementor-field-required\">\n\t\t\t\t\t\t\t\t\t\t\t\t\t<input size=\"1\" type=\"text\" name=\"form_fields[field_ce8c72d]\" id=\"form-field-field_ce8c72d\" class=\"elementor-field elementor-size-sm  elementor-field-textual\" placeholder=\"Nom et Pr\u00e9nom\" required=\"required\" aria-required=\"true\">\n\t\t\t\t\t\t\t\t\t\t\t<\/div>\n\t\t\t\t\t\t\t\t<div class=\"elementor-field-type-date elementor-field-group elementor-column elementor-field-group-field_941adc3 elementor-col-50\">\n\t\t\t\t\t\n\t\t<input type=\"date\" name=\"form_fields[field_941adc3]\" id=\"form-field-field_941adc3\" class=\"elementor-field elementor-size-sm  elementor-field-textual elementor-date-field\" placeholder=\"Date de naissance\" pattern=\"[0-9]{4}-[0-9]{2}-[0-9]{2}\">\n\t\t\t\t\t\t<\/div>\n\t\t\t\t\t\t\t\t<div class=\"elementor-field-type-select elementor-field-group elementor-column elementor-field-group-field_44ebe8a elementor-col-50\">\n\t\t\t\t\t\t\t<div class=\"elementor-field elementor-select-wrapper remove-before\">\n\t\t\t<div class=\"select-caret-down-wrapper\">\n\t\t\t\t<svg aria-hidden=\"true\" class=\"e-font-icon-svg e-eicon-caret-down\" viewbox=\"0 0 571.4 571.4\" xmlns=\"http:\/\/www.w3.org\/2000\/svg\"><path d=\"M571 393Q571 407 561 418L311 668Q300 679 286 679T261 668L11 418Q0 407 0 393T11 368 36 357H536Q550 357 561 368T571 393Z\"><\/path><\/svg>\t\t\t<\/div>\n\t\t\t<select name=\"form_fields[field_44ebe8a]\" id=\"form-field-field_44ebe8a\" class=\"elementor-field-textual elementor-size-sm\">\n\t\t\t\t\t\t\t\t\t<option value=\"\">S\u00e9lectionner votre sexe...<\/option>\n\t\t\t\t\t\t\t\t\t<option value=\"Femme\">Femme<\/option>\n\t\t\t\t\t\t\t\t\t<option value=\"Homme\">Homme<\/option>\n\t\t\t\t\t\t\t<\/select>\n\t\t<\/div>\n\t\t\t\t\t\t<\/div>\n\t\t\t\t\t\t\t\t<div class=\"elementor-field-type-text elementor-field-group elementor-column elementor-field-group-email elementor-col-50 elementor-field-required\">\n\t\t\t\t\t\t\t\t\t\t\t\t\t<input size=\"1\" type=\"text\" name=\"form_fields[email]\" id=\"form-field-email\" class=\"elementor-field elementor-size-sm  elementor-field-textual\" placeholder=\"Nationalit\u00e9\" required=\"required\" aria-required=\"true\">\n\t\t\t\t\t\t\t\t\t\t\t<\/div>\n\t\t\t\t\t\t\t\t<div class=\"elementor-field-type-email elementor-field-group elementor-column elementor-field-group-name elementor-col-50\">\n\t\t\t\t\t\t\t\t\t\t\t\t\t<input size=\"1\" type=\"email\" name=\"form_fields[name]\" id=\"form-field-name\" class=\"elementor-field elementor-size-sm  elementor-field-textual\" placeholder=\"Email\">\n\t\t\t\t\t\t\t\t\t\t\t<\/div>\n\t\t\t\t\t\t\t\t<div class=\"elementor-field-type-select elementor-field-group elementor-column elementor-field-group-field_97f7240 elementor-col-50\">\n\t\t\t\t\t\t\t<div class=\"elementor-field elementor-select-wrapper remove-before\">\n\t\t\t<div class=\"select-caret-down-wrapper\">\n\t\t\t\t<svg aria-hidden=\"true\" class=\"e-font-icon-svg e-eicon-caret-down\" viewbox=\"0 0 571.4 571.4\" xmlns=\"http:\/\/www.w3.org\/2000\/svg\"><path d=\"M571 393Q571 407 561 418L311 668Q300 679 286 679T261 668L11 418Q0 407 0 393T11 368 36 357H536Q550 357 561 368T571 393Z\"><\/path><\/svg>\t\t\t<\/div>\n\t\t\t<select name=\"form_fields[field_97f7240]\" id=\"form-field-field_97f7240\" class=\"elementor-field-textual elementor-size-sm\">\n\t\t\t\t\t\t\t\t\t<option value=\"\">S\u00e9lectionner votre niveau d&#039;\u00e9tude...<\/option>\n\t\t\t\t\t\t\t\t\t<option value=\"Bac+6\">Bac+6<\/option>\n\t\t\t\t\t\t\t\t\t<option value=\"Bac+5\">Bac+5<\/option>\n\t\t\t\t\t\t\t\t\t<option value=\"Bac+4\">Bac+4<\/option>\n\t\t\t\t\t\t\t\t\t<option value=\"Bac+3\">Bac+3<\/option>\n\t\t\t\t\t\t\t\t\t<option value=\"Bac+2\">Bac+2<\/option>\n\t\t\t\t\t\t\t<\/select>\n\t\t<\/div>\n\t\t\t\t\t\t<\/div>\n\t\t\t\t\t\t\t\t<div class=\"elementor-field-type-text elementor-field-group elementor-column elementor-field-group-field_7568a7c elementor-col-50 elementor-field-required\">\n\t\t\t\t\t\t\t\t\t\t\t\t\t<input size=\"1\" type=\"text\" name=\"form_fields[field_7568a7c]\" id=\"form-field-field_7568a7c\" class=\"elementor-field elementor-size-sm  elementor-field-textual\" placeholder=\"\u00c9tablissement fr\u00e9quent\u00e9\" required=\"required\" aria-required=\"true\">\n\t\t\t\t\t\t\t\t\t\t\t<\/div>\n\t\t\t\t\t\t\t\t<div class=\"elementor-field-type-text elementor-field-group elementor-column elementor-field-group-field_4e81007 elementor-col-50 elementor-field-required\">\n\t\t\t\t\t\t\t\t\t\t\t\t\t<input size=\"1\" type=\"text\" name=\"form_fields[field_4e81007]\" id=\"form-field-field_4e81007\" class=\"elementor-field elementor-size-sm  elementor-field-textual\" placeholder=\"Ann\u00e9e d&#039;obtention du dipl\u00f4me\" required=\"required\" aria-required=\"true\">\n\t\t\t\t\t\t\t\t\t\t\t<\/div>\n\t\t\t\t\t\t\t\t<div class=\"elementor-field-type-textarea elementor-field-group elementor-column elementor-field-group-field_5bdb031 elementor-col-100 elementor-field-required\">\n\t\t\t\t\t<textarea class=\"elementor-field-textual elementor-field  elementor-size-sm\" name=\"form_fields[field_5bdb031]\" id=\"form-field-field_5bdb031\" rows=\"3\" placeholder=\" Motivation professionnelle (r\u00e9ponse courte)\" required=\"required\" aria-required=\"true\"><\/textarea>\t\t\t\t<\/div>\n\t\t\t\t\t\t\t\t<div class=\"elementor-field-type-select elementor-field-group elementor-column elementor-field-group-field_d9629a7 elementor-col-100 elementor-field-required\">\n\t\t\t\t\t\t\t<div class=\"elementor-field elementor-select-wrapper remove-before\">\n\t\t\t<div class=\"select-caret-down-wrapper\">\n\t\t\t\t<svg aria-hidden=\"true\" class=\"e-font-icon-svg e-eicon-caret-down\" viewbox=\"0 0 571.4 571.4\" xmlns=\"http:\/\/www.w3.org\/2000\/svg\"><path d=\"M571 393Q571 407 561 418L311 668Q300 679 286 679T261 668L11 418Q0 407 0 393T11 368 36 357H536Q550 357 561 368T571 393Z\"><\/path><\/svg>\t\t\t<\/div>\n\t\t\t<select name=\"form_fields[field_d9629a7]\" id=\"form-field-field_d9629a7\" class=\"elementor-field-textual elementor-size-sm\" required=\"required\" aria-required=\"true\">\n\t\t\t\t\t\t\t\t\t<option value=\"Intelligence Artificiel\">Intelligence Artificiel<\/option>\n\t\t\t\t\t\t\t\t\t<option value=\"Intelligence Artificiel\">Intelligence Artificiel<\/option>\n\t\t\t\t\t\t\t<\/select>\n\t\t<\/div>\n\t\t\t\t\t\t<\/div>\n\t\t\t\t\t\t\t\t<div class=\"elementor-field-type-upload elementor-field-group elementor-column elementor-field-group-field_c717a3d elementor-col-100 elementor-field-required\">\n\t\t\t\t\t\t\t\t\t\t\t\t<label for=\"form-field-field_c717a3d\" class=\"elementor-field-label\">\n\t\t\t\t\t\t\t\tCarte d'identit\u00e9 nationale \/ Passeport, 2 actes de naissance, Dipl\u00f4mes certifi\u00e9s \/ Attestations, CV \u00e0 jour\t\t\t\t\t\t\t<\/label>\n\t\t\t\t\t\t\t\t<input type=\"file\" name=\"form_fields[field_c717a3d][]\" id=\"form-field-field_c717a3d\" class=\"elementor-field elementor-size-sm  elementor-upload-field\" required=\"required\" aria-required=\"true\" multiple=\"multiple\" data-maxsize=\"11\" data-maxsize-message=\"This file exceeds the maximum allowed size.\">\n\n\t\t\t\t\t\t<\/div>\n\t\t\t\t\t\t\t\t<div class=\"elementor-field-type-upload elementor-field-group elementor-column elementor-field-group-field_ad180e6 elementor-col-100 elementor-field-required\">\n\t\t\t\t\t\t\t\t\t\t\t\t<label for=\"form-field-field_ad180e6\" class=\"elementor-field-label\">\n\t\t\t\t\t\t\t\tPhoto d'identit\u00e9 (sp\u00e9cification de pi\u00e8ce d'identit\u00e9)\t\t\t\t\t\t\t<\/label>\n\t\t\t\t\t\t\t\t<input type=\"file\" name=\"form_fields[field_ad180e6]\" id=\"form-field-field_ad180e6\" class=\"elementor-field elementor-size-sm  elementor-upload-field\" required=\"required\" aria-required=\"true\" data-maxsize=\"2\" data-maxsize-message=\"This file exceeds the maximum allowed size.\">\n\n\t\t\t\t\t\t<\/div>\n\t\t\t\t\t\t\t\t<div class=\"elementor-field-group elementor-column elementor-field-type-submit elementor-col-100 e-form__buttons\">\n\t\t\t\t\t<button class=\"elementor-button elementor-size-sm\" type=\"submit\">\n\t\t\t\t\t\t<span class=\"elementor-button-content-wrapper\">\n\t\t\t\t\t\t\t\t\t\t\t\t\t\t\t\t\t\t\t\t\t\t<span class=\"elementor-button-text\">Valider<\/span>\n\t\t\t\t\t\t\t\t\t\t\t\t\t<\/span>\n\t\t\t\t\t<\/button>\n\t\t\t\t<\/div>\n\t\t\t<\/div>\n\t\t<input type=\"hidden\" name=\"trp-form-language\" value=\"en\"\/><\/form>\n\t\t\t\t\t\t<\/div>\n\t\t\t\t<\/div>\n\t\t<div class=\"elementor-element elementor-element-46c8008 e-con-full e-flex e-con e-child\" data-id=\"46c8008\" data-element_type=\"container\" data-e-type=\"container\">\n\t\t<div class=\"elementor-element elementor-element-56a6b2f e-con-full e-flex e-con e-child\" data-id=\"56a6b2f\" data-element_type=\"container\" data-e-type=\"container\">\n\t\t\t\t<div class=\"elementor-element elementor-element-7d07ee5 elementor-icon-list--layout-traditional elementor-list-item-link-full_width elementor-widget elementor-widget-icon-list\" data-id=\"7d07ee5\" data-element_type=\"widget\" data-e-type=\"widget\" data-widget_type=\"icon-list.default\">\n\t\t\t\t<div class=\"elementor-widget-container\">\n\t\t\t\t\t\t\t<ul class=\"elementor-icon-list-items\">\n\t\t\t\t\t\t\t<li class=\"elementor-icon-list-item\">\n\t\t\t\t\t\t\t\t\t\t\t<a href=\"https:\/\/ceditech.ci\/en\/inscrire\/\">\n\n\t\t\t\t\t\t\t\t\t\t\t<span class=\"elementor-icon-list-text\">Se connecter<\/span>\n\t\t\t\t\t\t\t\t\t\t\t<\/a>\n\t\t\t\t\t\t\t\t\t<\/li>\n\t\t\t\t\t\t<\/ul>\n\t\t\t\t\t\t<\/div>\n\t\t\t\t<\/div>\n\t\t\t\t<\/div>\n\t\t<div class=\"elementor-element elementor-element-3846201 e-con-full e-flex e-con e-child\" data-id=\"3846201\" data-element_type=\"container\" data-e-type=\"container\">\n\t\t\t\t<\/div>\n\t\t\t\t<\/div>\n\t\t<div class=\"elementor-element elementor-element-983aaf8 e-con-full e-flex e-con e-child\" data-id=\"983aaf8\" data-element_type=\"container\" data-e-type=\"container\">\n\t\t\t\t<div class=\"elementor-element elementor-element-441d15b elementor-widget__width-initial elementor-widget elementor-widget-text-editor\" data-id=\"441d15b\" data-element_type=\"widget\" data-e-type=\"widget\" data-widget_type=\"text-editor.default\">\n\t\t\t\t<div class=\"elementor-widget-container\">\n\t\t\t\t\t\t\t\t\t<p>Tous droits r\u00e9serv\u00e9s 2025<\/p>\t\t\t\t\t\t\t\t<\/div>\n\t\t\t\t<\/div>\n\t\t\t\t<\/div>\n\t\t\t\t<\/div>\n\t\t\t\t\t<\/div>\n\t\t\t\t<\/div>\n\t\t\t\t\t<\/div>\n\t\t\t\t<\/div>\n\t\t\t\t<\/div>","protected":false},"excerpt":{"rendered":"<p>Cr\u00e9ation de compte Se connecter Tous droits r\u00e9serv\u00e9s 2025<\/p>","protected":false},"author":8,"featured_media":0,"parent":0,"menu_order":0,"comment_status":"closed","ping_status":"closed","template":"elementor_canvas","meta":{"content-type":"","footnotes":""},"class_list":["post-19792","page","type-page","status-publish","hentry"],"yoast_head":"<!-- This site is optimized with the Yoast SEO Premium plugin v23.6 (Yoast SEO v23.8) - https:\/\/yoast.com\/wordpress\/plugins\/seo\/ -->\n<title>Inscription - Ceditech<\/title>\n<meta name=\"robots\" content=\"index, follow, max-snippet:-1, max-image-preview:large, max-video-preview:-1\" \/>\n<link rel=\"canonical\" href=\"https:\/\/ceditech.ci\/en\/inscription\/\" \/>\n<meta property=\"og:locale\" content=\"en_GB\" \/>\n<meta property=\"og:type\" content=\"article\" \/>\n<meta property=\"og:title\" content=\"Inscription\" \/>\n<meta property=\"og:description\" content=\"Cr\u00e9ation de compte Se connecter Tous droits r\u00e9serv\u00e9s 2025\" \/>\n<meta property=\"og:url\" content=\"https:\/\/ceditech.ci\/en\/inscription\/\" \/>\n<meta property=\"og:site_name\" content=\"Ceditech\" \/>\n<meta property=\"article:publisher\" content=\"https:\/\/www.facebook.com\/ceditech.ci\" \/>\n<meta property=\"article:modified_time\" content=\"2025-09-11T16:22:26+00:00\" \/>\n<meta property=\"og:image\" content=\"https:\/\/ceditech.ci\/wp-content\/uploads\/2024\/08\/Sans-titre-4_Plan-de-travail-1-copie.png\" \/>\n\t<meta property=\"og:image:width\" content=\"3508\" \/>\n\t<meta property=\"og:image:height\" content=\"2481\" \/>\n\t<meta property=\"og:image:type\" content=\"image\/png\" \/>\n<meta name=\"twitter:card\" content=\"summary_large_image\" \/>\n<meta name=\"twitter:site\" content=\"@CEDITECH01\" \/>\n<meta name=\"twitter:label1\" content=\"Est. reading time\" \/>\n\t<meta name=\"twitter:data1\" content=\"1 minute\" \/>\n<script type=\"application\/ld+json\" class=\"yoast-schema-graph\">{\"@context\":\"https:\/\/schema.org\",\"@graph\":[{\"@type\":\"WebPage\",\"@id\":\"https:\/\/ceditech.ci\/inscription\/\",\"url\":\"https:\/\/ceditech.ci\/inscription\/\",\"name\":\"Inscription - Ceditech\",\"isPartOf\":{\"@id\":\"https:\/\/ceditech.ci\/#website\"},\"datePublished\":\"2025-09-10T10:17:26+00:00\",\"dateModified\":\"2025-09-11T16:22:26+00:00\",\"breadcrumb\":{\"@id\":\"https:\/\/ceditech.ci\/inscription\/#breadcrumb\"},\"inLanguage\":\"en-GB\",\"potentialAction\":[{\"@type\":\"ReadAction\",\"target\":[\"https:\/\/ceditech.ci\/inscription\/\"]}]},{\"@type\":\"BreadcrumbList\",\"@id\":\"https:\/\/ceditech.ci\/inscription\/#breadcrumb\",\"itemListElement\":[{\"@type\":\"ListItem\",\"position\":1,\"name\":\"Accueil\",\"item\":\"https:\/\/ceditech.ci\/\"},{\"@type\":\"ListItem\",\"position\":2,\"name\":\"Inscription\"}]},{\"@type\":\"WebSite\",\"@id\":\"https:\/\/ceditech.ci\/#website\",\"url\":\"https:\/\/ceditech.ci\/\",\"name\":\"Ceditech\",\"description\":\"Ensemble, d\u00e9veloppons vos comp\u00e9tences professionnelles.\",\"publisher\":{\"@id\":\"https:\/\/ceditech.ci\/#organization\"},\"alternateName\":\"Ceditech\",\"potentialAction\":[{\"@type\":\"SearchAction\",\"target\":{\"@type\":\"EntryPoint\",\"urlTemplate\":\"https:\/\/ceditech.ci\/?s={search_term_string}\"},\"query-input\":{\"@type\":\"PropertyValueSpecification\",\"valueRequired\":true,\"valueName\":\"search_term_string\"}}],\"inLanguage\":\"en-GB\"},{\"@type\":\"Organization\",\"@id\":\"https:\/\/ceditech.ci\/#organization\",\"name\":\"Ceditech\",\"alternateName\":\"Ceditech\",\"url\":\"https:\/\/ceditech.ci\/\",\"logo\":{\"@type\":\"ImageObject\",\"inLanguage\":\"en-GB\",\"@id\":\"https:\/\/ceditech.ci\/#\/schema\/logo\/image\/\",\"url\":\"https:\/\/ceditech.ci\/wp-content\/uploads\/2024\/08\/cropped-Sans-titre-4_Plan-de-travail-1-copie.png\",\"contentUrl\":\"https:\/\/ceditech.ci\/wp-content\/uploads\/2024\/08\/cropped-Sans-titre-4_Plan-de-travail-1-copie.png\",\"width\":2193,\"height\":642,\"caption\":\"Ceditech\"},\"image\":{\"@id\":\"https:\/\/ceditech.ci\/#\/schema\/logo\/image\/\"},\"sameAs\":[\"https:\/\/www.facebook.com\/ceditech.ci\",\"https:\/\/x.com\/CEDITECH01\",\"https:\/\/www.linkedin.com\/company\/ceditech24\/\"],\"description\":\"Le Centre d\u2019Excellence en Technologie et Innovation (CEDITECH), est d\u00e9di\u00e9 \u00e0 la formation de professionnels qualifi\u00e9s dans les domaines les plus dynamiques de l\u2019industrie num\u00e9rique. Nous sommes fiers de collaborer avec des experts de l\u2019industrie et des institutions acad\u00e9miques de renomm\u00e9e internationale pour offrir des certifications reconnues mondialement. Ces partenariats nous permettent d\u2019assurer que nos programmes sont toujours \u00e0 jour avec les derni\u00e8res tendances et technologies, tout en offrant des opportunit\u00e9s uniques pour nos \u00e9tudiants.\",\"email\":\"info@ceditech.ci\",\"telephone\":\"27 22 5 35968\"}]}<\/script>\n<!-- \/ Yoast SEO Premium plugin. -->","yoast_head_json":{"title":"Inscription - Ceditech","robots":{"index":"index","follow":"follow","max-snippet":"max-snippet:-1","max-image-preview":"max-image-preview:large","max-video-preview":"max-video-preview:-1"},"canonical":"https:\/\/ceditech.ci\/en\/inscription\/","og_locale":"en_GB","og_type":"article","og_title":"Inscription","og_description":"Cr\u00e9ation de compte Se connecter Tous droits r\u00e9serv\u00e9s 2025","og_url":"https:\/\/ceditech.ci\/en\/inscription\/","og_site_name":"Ceditech","article_publisher":"https:\/\/www.facebook.com\/ceditech.ci","article_modified_time":"2025-09-11T16:22:26+00:00","og_image":[{"width":3508,"height":2481,"url":"https:\/\/ceditech.ci\/wp-content\/uploads\/2024\/08\/Sans-titre-4_Plan-de-travail-1-copie.png","type":"image\/png"}],"twitter_card":"summary_large_image","twitter_site":"@CEDITECH01","twitter_misc":{"Est. reading time":"1 minute"},"schema":{"@context":"https:\/\/schema.org","@graph":[{"@type":"WebPage","@id":"https:\/\/ceditech.ci\/inscription\/","url":"https:\/\/ceditech.ci\/inscription\/","name":"Inscription - Ceditech","isPartOf":{"@id":"https:\/\/ceditech.ci\/#website"},"datePublished":"2025-09-10T10:17:26+00:00","dateModified":"2025-09-11T16:22:26+00:00","breadcrumb":{"@id":"https:\/\/ceditech.ci\/inscription\/#breadcrumb"},"inLanguage":"en-GB","potentialAction":[{"@type":"ReadAction","target":["https:\/\/ceditech.ci\/inscription\/"]}]},{"@type":"BreadcrumbList","@id":"https:\/\/ceditech.ci\/inscription\/#breadcrumb","itemListElement":[{"@type":"ListItem","position":1,"name":"Accueil","item":"https:\/\/ceditech.ci\/"},{"@type":"ListItem","position":2,"name":"Inscription"}]},{"@type":"WebSite","@id":"https:\/\/ceditech.ci\/#website","url":"https:\/\/ceditech.ci\/","name":"Ceditech","description":"Ensemble, d\u00e9veloppons vos comp\u00e9tences professionnelles.","publisher":{"@id":"https:\/\/ceditech.ci\/#organization"},"alternateName":"Ceditech","potentialAction":[{"@type":"SearchAction","target":{"@type":"EntryPoint","urlTemplate":"https:\/\/ceditech.ci\/?s={search_term_string}"},"query-input":{"@type":"PropertyValueSpecification","valueRequired":true,"valueName":"search_term_string"}}],"inLanguage":"en-GB"},{"@type":"Organization","@id":"https:\/\/ceditech.ci\/#organization","name":"Ceditech","alternateName":"Ceditech","url":"https:\/\/ceditech.ci\/","logo":{"@type":"ImageObject","inLanguage":"en-GB","@id":"https:\/\/ceditech.ci\/#\/schema\/logo\/image\/","url":"https:\/\/ceditech.ci\/wp-content\/uploads\/2024\/08\/cropped-Sans-titre-4_Plan-de-travail-1-copie.png","contentUrl":"https:\/\/ceditech.ci\/wp-content\/uploads\/2024\/08\/cropped-Sans-titre-4_Plan-de-travail-1-copie.png","width":2193,"height":642,"caption":"Ceditech"},"image":{"@id":"https:\/\/ceditech.ci\/#\/schema\/logo\/image\/"},"sameAs":["https:\/\/www.facebook.com\/ceditech.ci","https:\/\/x.com\/CEDITECH01","https:\/\/www.linkedin.com\/company\/ceditech24\/"],"description":"Le Centre d\u2019Excellence en Technologie et Innovation (CEDITECH), est d\u00e9di\u00e9 \u00e0 la formation de professionnels qualifi\u00e9s dans les domaines les plus dynamiques de l\u2019industrie num\u00e9rique. Nous sommes fiers de collaborer avec des experts de l\u2019industrie et des institutions acad\u00e9miques de renomm\u00e9e internationale pour offrir des certifications reconnues mondialement. Ces partenariats nous permettent d\u2019assurer que nos programmes sont toujours \u00e0 jour avec les derni\u00e8res tendances et technologies, tout en offrant des opportunit\u00e9s uniques pour nos \u00e9tudiants.","email":"info@ceditech.ci","telephone":"27 22 5 35968"}]}},"featured_image_src":null,"featured_image_src_square":null,"_links":{"self":[{"href":"https:\/\/ceditech.ci\/en\/wp-json\/wp\/v2\/pages\/19792","targetHints":{"allow":["GET"]}}],"collection":[{"href":"https:\/\/ceditech.ci\/en\/wp-json\/wp\/v2\/pages"}],"about":[{"href":"https:\/\/ceditech.ci\/en\/wp-json\/wp\/v2\/types\/page"}],"author":[{"embeddable":true,"href":"https:\/\/ceditech.ci\/en\/wp-json\/wp\/v2\/users\/8"}],"replies":[{"embeddable":true,"href":"https:\/\/ceditech.ci\/en\/wp-json\/wp\/v2\/comments?post=19792"}],"version-history":[{"count":0,"href":"https:\/\/ceditech.ci\/en\/wp-json\/wp\/v2\/pages\/19792\/revisions"}],"wp:attachment":[{"href":"https:\/\/ceditech.ci\/en\/wp-json\/wp\/v2\/media?parent=19792"}],"curies":[{"name":"wp","href":"https:\/\/api.w.org\/{rel}","templated":true}]}}