{"id":12,"date":"2024-08-24T21:10:34","date_gmt":"2024-08-24T21:10:34","guid":{"rendered":"https:\/\/cedproduct1stg.wpenginepowered.com\/?page_id=12"},"modified":"2024-08-24T21:10:34","modified_gmt":"2024-08-24T21:10:34","slug":"lp-profile","status":"publish","type":"page","link":"https:\/\/ceditech.ci\/en\/lp-profile\/","title":{"rendered":"Profile"},"content":{"rendered":"<div class=\"learnpress\"><div\n\tclass=\"learn-press-message error lp-content-area\">This shortcode LP Profile only use on the page <a href=\"https:\/\/ceditech.ci\/wp-admin\/admin.php?page=learn-press-settings\"><strong>Profile<\/strong><\/a><\/div>\n<\/div>","protected":false},"excerpt":{"rendered":"","protected":false},"author":3,"featured_media":0,"parent":0,"menu_order":0,"comment_status":"closed","ping_status":"closed","template":"","meta":{"content-type":"","footnotes":""},"class_list":["post-12","page","type-page","status-publish","hentry"],"yoast_head":"<!-- This site is optimized with the Yoast SEO Premium plugin v23.6 (Yoast SEO v23.8) - https:\/\/yoast.com\/wordpress\/plugins\/seo\/ -->\n<title>Profile - Ceditech<\/title>\n<meta name=\"robots\" content=\"index, follow, max-snippet:-1, max-image-preview:large, max-video-preview:-1\" \/>\n<link rel=\"canonical\" href=\"https:\/\/ceditech.ci\/en\/lp-profile\/\" \/>\n<meta property=\"og:locale\" content=\"en_GB\" \/>\n<meta property=\"og:type\" content=\"article\" \/>\n<meta property=\"og:title\" content=\"Profile\" \/>\n<meta property=\"og:url\" content=\"https:\/\/ceditech.ci\/en\/lp-profile\/\" \/>\n<meta property=\"og:site_name\" content=\"Ceditech\" \/>\n<meta property=\"article:publisher\" content=\"https:\/\/www.facebook.com\/ceditech.ci\" \/>\n<meta property=\"og:image\" content=\"https:\/\/ceditech.ci\/wp-content\/uploads\/2024\/08\/Sans-titre-4_Plan-de-travail-1-copie.png\" \/>\n\t<meta property=\"og:image:width\" content=\"3508\" \/>\n\t<meta property=\"og:image:height\" content=\"2481\" \/>\n\t<meta property=\"og:image:type\" content=\"image\/png\" \/>\n<meta name=\"twitter:card\" content=\"summary_large_image\" \/>\n<meta name=\"twitter:site\" content=\"@CEDITECH01\" \/>\n<script type=\"application\/ld+json\" class=\"yoast-schema-graph\">{\"@context\":\"https:\/\/schema.org\",\"@graph\":[{\"@type\":\"WebPage\",\"@id\":\"https:\/\/ceditech.ci\/lp-profile\/\",\"url\":\"https:\/\/ceditech.ci\/lp-profile\/\",\"name\":\"Profile - Ceditech\",\"isPartOf\":{\"@id\":\"https:\/\/ceditech.ci\/#website\"},\"datePublished\":\"2024-08-24T21:10:34+00:00\",\"dateModified\":\"2024-08-24T21:10:34+00:00\",\"breadcrumb\":{\"@id\":\"https:\/\/ceditech.ci\/lp-profile\/#breadcrumb\"},\"inLanguage\":\"en-GB\",\"potentialAction\":[{\"@type\":\"ReadAction\",\"target\":[\"https:\/\/ceditech.ci\/lp-profile\/\"]}]},{\"@type\":\"BreadcrumbList\",\"@id\":\"https:\/\/ceditech.ci\/lp-profile\/#breadcrumb\",\"itemListElement\":[{\"@type\":\"ListItem\",\"position\":1,\"name\":\"Accueil\",\"item\":\"https:\/\/ceditech.ci\/\"},{\"@type\":\"ListItem\",\"position\":2,\"name\":\"Profile\"}]},{\"@type\":\"WebSite\",\"@id\":\"https:\/\/ceditech.ci\/#website\",\"url\":\"https:\/\/ceditech.ci\/\",\"name\":\"Ceditech\",\"description\":\"Ensemble, d\u00e9veloppons vos comp\u00e9tences professionnelles.\",\"publisher\":{\"@id\":\"https:\/\/ceditech.ci\/#organization\"},\"alternateName\":\"Ceditech\",\"potentialAction\":[{\"@type\":\"SearchAction\",\"target\":{\"@type\":\"EntryPoint\",\"urlTemplate\":\"https:\/\/ceditech.ci\/?s={search_term_string}\"},\"query-input\":{\"@type\":\"PropertyValueSpecification\",\"valueRequired\":true,\"valueName\":\"search_term_string\"}}],\"inLanguage\":\"en-GB\"},{\"@type\":\"Organization\",\"@id\":\"https:\/\/ceditech.ci\/#organization\",\"name\":\"Ceditech\",\"alternateName\":\"Ceditech\",\"url\":\"https:\/\/ceditech.ci\/\",\"logo\":{\"@type\":\"ImageObject\",\"inLanguage\":\"en-GB\",\"@id\":\"https:\/\/ceditech.ci\/#\/schema\/logo\/image\/\",\"url\":\"https:\/\/ceditech.ci\/wp-content\/uploads\/2024\/08\/cropped-Sans-titre-4_Plan-de-travail-1-copie.png\",\"contentUrl\":\"https:\/\/ceditech.ci\/wp-content\/uploads\/2024\/08\/cropped-Sans-titre-4_Plan-de-travail-1-copie.png\",\"width\":2193,\"height\":642,\"caption\":\"Ceditech\"},\"image\":{\"@id\":\"https:\/\/ceditech.ci\/#\/schema\/logo\/image\/\"},\"sameAs\":[\"https:\/\/www.facebook.com\/ceditech.ci\",\"https:\/\/x.com\/CEDITECH01\",\"https:\/\/www.linkedin.com\/company\/ceditech24\/\"],\"description\":\"Le Centre d\u2019Excellence en Technologie et Innovation (CEDITECH), est d\u00e9di\u00e9 \u00e0 la formation de professionnels qualifi\u00e9s dans les domaines les plus dynamiques de l\u2019industrie num\u00e9rique. Nous sommes fiers de collaborer avec des experts de l\u2019industrie et des institutions acad\u00e9miques de renomm\u00e9e internationale pour offrir des certifications reconnues mondialement. Ces partenariats nous permettent d\u2019assurer que nos programmes sont toujours \u00e0 jour avec les derni\u00e8res tendances et technologies, tout en offrant des opportunit\u00e9s uniques pour nos \u00e9tudiants.\",\"email\":\"info@ceditech.ci\",\"telephone\":\"27 22 5 35968\"}]}<\/script>\n<!-- \/ Yoast SEO Premium plugin. -->","yoast_head_json":{"title":"Profile - Ceditech","robots":{"index":"index","follow":"follow","max-snippet":"max-snippet:-1","max-image-preview":"max-image-preview:large","max-video-preview":"max-video-preview:-1"},"canonical":"https:\/\/ceditech.ci\/en\/lp-profile\/","og_locale":"en_GB","og_type":"article","og_title":"Profile","og_url":"https:\/\/ceditech.ci\/en\/lp-profile\/","og_site_name":"Ceditech","article_publisher":"https:\/\/www.facebook.com\/ceditech.ci","og_image":[{"width":3508,"height":2481,"url":"https:\/\/ceditech.ci\/wp-content\/uploads\/2024\/08\/Sans-titre-4_Plan-de-travail-1-copie.png","type":"image\/png"}],"twitter_card":"summary_large_image","twitter_site":"@CEDITECH01","schema":{"@context":"https:\/\/schema.org","@graph":[{"@type":"WebPage","@id":"https:\/\/ceditech.ci\/lp-profile\/","url":"https:\/\/ceditech.ci\/lp-profile\/","name":"Profile - Ceditech","isPartOf":{"@id":"https:\/\/ceditech.ci\/#website"},"datePublished":"2024-08-24T21:10:34+00:00","dateModified":"2024-08-24T21:10:34+00:00","breadcrumb":{"@id":"https:\/\/ceditech.ci\/lp-profile\/#breadcrumb"},"inLanguage":"en-GB","potentialAction":[{"@type":"ReadAction","target":["https:\/\/ceditech.ci\/lp-profile\/"]}]},{"@type":"BreadcrumbList","@id":"https:\/\/ceditech.ci\/lp-profile\/#breadcrumb","itemListElement":[{"@type":"ListItem","position":1,"name":"Accueil","item":"https:\/\/ceditech.ci\/"},{"@type":"ListItem","position":2,"name":"Profile"}]},{"@type":"WebSite","@id":"https:\/\/ceditech.ci\/#website","url":"https:\/\/ceditech.ci\/","name":"Ceditech","description":"Ensemble, d\u00e9veloppons vos comp\u00e9tences professionnelles.","publisher":{"@id":"https:\/\/ceditech.ci\/#organization"},"alternateName":"Ceditech","potentialAction":[{"@type":"SearchAction","target":{"@type":"EntryPoint","urlTemplate":"https:\/\/ceditech.ci\/?s={search_term_string}"},"query-input":{"@type":"PropertyValueSpecification","valueRequired":true,"valueName":"search_term_string"}}],"inLanguage":"en-GB"},{"@type":"Organization","@id":"https:\/\/ceditech.ci\/#organization","name":"Ceditech","alternateName":"Ceditech","url":"https:\/\/ceditech.ci\/","logo":{"@type":"ImageObject","inLanguage":"en-GB","@id":"https:\/\/ceditech.ci\/#\/schema\/logo\/image\/","url":"https:\/\/ceditech.ci\/wp-content\/uploads\/2024\/08\/cropped-Sans-titre-4_Plan-de-travail-1-copie.png","contentUrl":"https:\/\/ceditech.ci\/wp-content\/uploads\/2024\/08\/cropped-Sans-titre-4_Plan-de-travail-1-copie.png","width":2193,"height":642,"caption":"Ceditech"},"image":{"@id":"https:\/\/ceditech.ci\/#\/schema\/logo\/image\/"},"sameAs":["https:\/\/www.facebook.com\/ceditech.ci","https:\/\/x.com\/CEDITECH01","https:\/\/www.linkedin.com\/company\/ceditech24\/"],"description":"Le Centre d\u2019Excellence en Technologie et Innovation (CEDITECH), est d\u00e9di\u00e9 \u00e0 la formation de professionnels qualifi\u00e9s dans les domaines les plus dynamiques de l\u2019industrie num\u00e9rique. Nous sommes fiers de collaborer avec des experts de l\u2019industrie et des institutions acad\u00e9miques de renomm\u00e9e internationale pour offrir des certifications reconnues mondialement. Ces partenariats nous permettent d\u2019assurer que nos programmes sont toujours \u00e0 jour avec les derni\u00e8res tendances et technologies, tout en offrant des opportunit\u00e9s uniques pour nos \u00e9tudiants.","email":"info@ceditech.ci","telephone":"27 22 5 35968"}]}},"featured_image_src":null,"featured_image_src_square":null,"_links":{"self":[{"href":"https:\/\/ceditech.ci\/en\/wp-json\/wp\/v2\/pages\/12","targetHints":{"allow":["GET"]}}],"collection":[{"href":"https:\/\/ceditech.ci\/en\/wp-json\/wp\/v2\/pages"}],"about":[{"href":"https:\/\/ceditech.ci\/en\/wp-json\/wp\/v2\/types\/page"}],"author":[{"embeddable":true,"href":"https:\/\/ceditech.ci\/en\/wp-json\/wp\/v2\/users\/3"}],"replies":[{"embeddable":true,"href":"https:\/\/ceditech.ci\/en\/wp-json\/wp\/v2\/comments?post=12"}],"version-history":[{"count":0,"href":"https:\/\/ceditech.ci\/en\/wp-json\/wp\/v2\/pages\/12\/revisions"}],"wp:attachment":[{"href":"https:\/\/ceditech.ci\/en\/wp-json\/wp\/v2\/media?parent=12"}],"curies":[{"name":"wp","href":"https:\/\/api.w.org\/{rel}","templated":true}]}}